{"id":971,"date":"2015-10-30T15:33:42","date_gmt":"2015-10-30T14:33:42","guid":{"rendered":"http:\/\/www.peterfasching.com\/wordpress\/produkt\/shooting-session-exclusive\/"},"modified":"2025-06-30T09:00:20","modified_gmt":"2025-06-30T07:00:20","slug":"diamant","status":"publish","type":"product","link":"https:\/\/www.peterfasching.com\/wordpress\/produkt\/diamant\/","title":{"rendered":"Diamant-Paket"},"content":{"rendered":"<p>Das Rundum-Sporglospakete und f\u00fcr Shootings der spezielleren Art!<\/p>\n<p>Hier kannst du dir auch besondere Themen\/ Shootings w\u00fcnschen &#8211; wie zB das ColorSplash Shooting. Solltest du nichts &#8222;aufwendiges&#8220; w\u00fcnschen, k\u00f6nnen wir auch gerne verschiedene Themen, Posen, etc. umsetzen \ud83d\ude09<\/p>\n<p>Das Paket beinhaltet<br \/>\n&#8211; 4 Stunden Shooting im Studio, Outdoor oder beides<br \/>\n&#8211; Getr\u00e4nke &amp; Snacks<br \/>\n&#8211; die Bild\u00fcbersicht aller Bilder zum Nachbestellen<br \/>\n&#8211; 30 gedruckte Bilder in ca. 20x30cm und als Datei zum Download<br \/>\n&#8211; 1 Fotoposter im Format 90x60cm<br \/>\n&#8211; 1 Wandbild auf hochwertigem Alu-Dipond oder Glas im Format 80x120cm<\/p>\n<p>Dazu ist ein MakeUp Artist vor Ort um uns zu unterst\u00fctzen.<\/p>\n<p>Und als Dankesch\u00f6n f\u00fcr dein Vertrauen bekommst du noch einen 100\u20ac Gutschein f\u00fcr zuk\u00fcnftige Shootings \ud83d\ude09<\/p>\n","protected":false},"excerpt":{"rendered":"<p>Das exklusivste Shooting Paket &#8211; optimal f\u00fcr Alle die mehr wollen&#8230;<\/p>\n","protected":false},"featured_media":1113,"comment_status":"open","ping_status":"closed","template":"","meta":[],"product_brand":[],"product_cat":[77],"product_tag":[],"class_list":{"0":"post-971","1":"product","2":"type-product","3":"status-publish","4":"has-post-thumbnail","6":"product_cat-shootingpakete","8":"first","9":"instock","10":"virtual","11":"taxable","12":"purchasable","13":"product-type-simple"},"exclude_global_add_ons":[],"addons":[],"yoast_head":"<!-- This site is optimized with the Yoast SEO plugin v27.1.1 - https:\/\/yoast.com\/product\/yoast-seo-wordpress\/ -->\n<title>Diamant-Paket - Peter Fasching Photography<\/title>\n<meta name=\"robots\" content=\"index, follow, max-snippet:-1, max-image-preview:large, max-video-preview:-1\" \/>\n<link rel=\"canonical\" href=\"https:\/\/www.peterfasching.com\/wordpress\/produkt\/diamant\/\" \/>\n<meta property=\"og:locale\" content=\"de_DE\" \/>\n<meta property=\"og:type\" content=\"article\" \/>\n<meta property=\"og:title\" content=\"Diamant-Paket - Peter Fasching Photography\" \/>\n<meta property=\"og:description\" content=\"Das exklusivste Shooting Paket - optimal f\u00fcr Alle die mehr wollen...\" \/>\n<meta property=\"og:url\" content=\"https:\/\/www.peterfasching.com\/wordpress\/produkt\/diamant\/\" \/>\n<meta property=\"og:site_name\" content=\"Peter Fasching Photography\" \/>\n<meta property=\"article:publisher\" content=\"https:\/\/www.facebook.com\/peterfaschingphotography\/\" \/>\n<meta property=\"article:modified_time\" content=\"2025-06-30T07:00:20+00:00\" \/>\n<meta property=\"og:image\" content=\"https:\/\/www.peterfasching.com\/wordpress\/wp-content\/uploads\/2015\/10\/11251814_1204927376191307_4525173135716920477_n.jpg\" \/>\n\t<meta property=\"og:image:width\" content=\"367\" \/>\n\t<meta property=\"og:image:height\" content=\"367\" \/>\n\t<meta property=\"og:image:type\" content=\"image\/jpeg\" \/>\n<meta name=\"twitter:card\" content=\"summary_large_image\" \/>\n<meta name=\"twitter:site\" content=\"@Peter_Fasching\" \/>\n<meta name=\"twitter:label1\" content=\"Gesch\u00e4tzte Lesezeit\" \/>\n\t<meta name=\"twitter:data1\" content=\"1\u00a0Minute\" \/>\n<script type=\"application\/ld+json\" class=\"yoast-schema-graph\">{\"@context\":\"https:\/\/schema.org\",\"@graph\":[{\"@type\":\"WebPage\",\"@id\":\"https:\/\/www.peterfasching.com\/wordpress\/produkt\/diamant\/\",\"url\":\"https:\/\/www.peterfasching.com\/wordpress\/produkt\/diamant\/\",\"name\":\"Diamant-Paket - Peter Fasching Photography\",\"isPartOf\":{\"@id\":\"https:\/\/www.peterfasching.com\/wordpress\/#website\"},\"primaryImageOfPage\":{\"@id\":\"https:\/\/www.peterfasching.com\/wordpress\/produkt\/diamant\/#primaryimage\"},\"image\":{\"@id\":\"https:\/\/www.peterfasching.com\/wordpress\/produkt\/diamant\/#primaryimage\"},\"thumbnailUrl\":\"https:\/\/www.peterfasching.com\/wordpress\/wp-content\/uploads\/2015\/10\/11251814_1204927376191307_4525173135716920477_n.jpg\",\"datePublished\":\"2015-10-30T14:33:42+00:00\",\"dateModified\":\"2025-06-30T07:00:20+00:00\",\"breadcrumb\":{\"@id\":\"https:\/\/www.peterfasching.com\/wordpress\/produkt\/diamant\/#breadcrumb\"},\"inLanguage\":\"de\",\"potentialAction\":[{\"@type\":\"ReadAction\",\"target\":[\"https:\/\/www.peterfasching.com\/wordpress\/produkt\/diamant\/\"]}]},{\"@type\":\"ImageObject\",\"inLanguage\":\"de\",\"@id\":\"https:\/\/www.peterfasching.com\/wordpress\/produkt\/diamant\/#primaryimage\",\"url\":\"https:\/\/www.peterfasching.com\/wordpress\/wp-content\/uploads\/2015\/10\/11251814_1204927376191307_4525173135716920477_n.jpg\",\"contentUrl\":\"https:\/\/www.peterfasching.com\/wordpress\/wp-content\/uploads\/2015\/10\/11251814_1204927376191307_4525173135716920477_n.jpg\",\"width\":367,\"height\":367},{\"@type\":\"BreadcrumbList\",\"@id\":\"https:\/\/www.peterfasching.com\/wordpress\/produkt\/diamant\/#breadcrumb\",\"itemListElement\":[{\"@type\":\"ListItem\",\"position\":1,\"name\":\"Startseite\",\"item\":\"https:\/\/www.peterfasching.com\/wordpress\/\"},{\"@type\":\"ListItem\",\"position\":2,\"name\":\"Shop\",\"item\":\"https:\/\/www.peterfasching.com\/wordpress\/shop\/\"},{\"@type\":\"ListItem\",\"position\":3,\"name\":\"Diamant-Paket\"}]},{\"@type\":\"WebSite\",\"@id\":\"https:\/\/www.peterfasching.com\/wordpress\/#website\",\"url\":\"https:\/\/www.peterfasching.com\/wordpress\/\",\"name\":\"Peter Fasching Photography\",\"description\":\"More than photography. We create memories.\",\"publisher\":{\"@id\":\"https:\/\/www.peterfasching.com\/wordpress\/#organization\"},\"potentialAction\":[{\"@type\":\"SearchAction\",\"target\":{\"@type\":\"EntryPoint\",\"urlTemplate\":\"https:\/\/www.peterfasching.com\/wordpress\/?s={search_term_string}\"},\"query-input\":{\"@type\":\"PropertyValueSpecification\",\"valueRequired\":true,\"valueName\":\"search_term_string\"}}],\"inLanguage\":\"de\"},{\"@type\":\"Organization\",\"@id\":\"https:\/\/www.peterfasching.com\/wordpress\/#organization\",\"name\":\"Peter Fasching Photography\",\"url\":\"https:\/\/www.peterfasching.com\/wordpress\/\",\"logo\":{\"@type\":\"ImageObject\",\"inLanguage\":\"de\",\"@id\":\"https:\/\/www.peterfasching.com\/wordpress\/#\/schema\/logo\/image\/\",\"url\":\"https:\/\/www.peterfasching.com\/wordpress\/wp-content\/uploads\/2017\/06\/logo-mit-gesicht-Kopie-Kopie.png\",\"contentUrl\":\"https:\/\/www.peterfasching.com\/wordpress\/wp-content\/uploads\/2017\/06\/logo-mit-gesicht-Kopie-Kopie.png\",\"width\":367,\"height\":367,\"caption\":\"Peter Fasching Photography\"},\"image\":{\"@id\":\"https:\/\/www.peterfasching.com\/wordpress\/#\/schema\/logo\/image\/\"},\"sameAs\":[\"https:\/\/www.facebook.com\/peterfaschingphotography\/\",\"https:\/\/x.com\/Peter_Fasching\",\"https:\/\/www.instagram.com\/peter.fasching_photography\/\",\"https:\/\/www.youtube.com\/channel\/UCNoJYd82Kvlk7T1ivttbXrA\"]}]}<\/script>\n<!-- \/ Yoast SEO plugin. -->","yoast_head_json":{"title":"Diamant-Paket - Peter Fasching Photography","robots":{"index":"index","follow":"follow","max-snippet":"max-snippet:-1","max-image-preview":"max-image-preview:large","max-video-preview":"max-video-preview:-1"},"canonical":"https:\/\/www.peterfasching.com\/wordpress\/produkt\/diamant\/","og_locale":"de_DE","og_type":"article","og_title":"Diamant-Paket - Peter Fasching Photography","og_description":"Das exklusivste Shooting Paket - optimal f\u00fcr Alle die mehr wollen...","og_url":"https:\/\/www.peterfasching.com\/wordpress\/produkt\/diamant\/","og_site_name":"Peter Fasching Photography","article_publisher":"https:\/\/www.facebook.com\/peterfaschingphotography\/","article_modified_time":"2025-06-30T07:00:20+00:00","og_image":[{"width":367,"height":367,"url":"https:\/\/www.peterfasching.com\/wordpress\/wp-content\/uploads\/2015\/10\/11251814_1204927376191307_4525173135716920477_n.jpg","type":"image\/jpeg"}],"twitter_card":"summary_large_image","twitter_site":"@Peter_Fasching","twitter_misc":{"Gesch\u00e4tzte Lesezeit":"1\u00a0Minute"},"schema":{"@context":"https:\/\/schema.org","@graph":[{"@type":"WebPage","@id":"https:\/\/www.peterfasching.com\/wordpress\/produkt\/diamant\/","url":"https:\/\/www.peterfasching.com\/wordpress\/produkt\/diamant\/","name":"Diamant-Paket - Peter Fasching Photography","isPartOf":{"@id":"https:\/\/www.peterfasching.com\/wordpress\/#website"},"primaryImageOfPage":{"@id":"https:\/\/www.peterfasching.com\/wordpress\/produkt\/diamant\/#primaryimage"},"image":{"@id":"https:\/\/www.peterfasching.com\/wordpress\/produkt\/diamant\/#primaryimage"},"thumbnailUrl":"https:\/\/www.peterfasching.com\/wordpress\/wp-content\/uploads\/2015\/10\/11251814_1204927376191307_4525173135716920477_n.jpg","datePublished":"2015-10-30T14:33:42+00:00","dateModified":"2025-06-30T07:00:20+00:00","breadcrumb":{"@id":"https:\/\/www.peterfasching.com\/wordpress\/produkt\/diamant\/#breadcrumb"},"inLanguage":"de","potentialAction":[{"@type":"ReadAction","target":["https:\/\/www.peterfasching.com\/wordpress\/produkt\/diamant\/"]}]},{"@type":"ImageObject","inLanguage":"de","@id":"https:\/\/www.peterfasching.com\/wordpress\/produkt\/diamant\/#primaryimage","url":"https:\/\/www.peterfasching.com\/wordpress\/wp-content\/uploads\/2015\/10\/11251814_1204927376191307_4525173135716920477_n.jpg","contentUrl":"https:\/\/www.peterfasching.com\/wordpress\/wp-content\/uploads\/2015\/10\/11251814_1204927376191307_4525173135716920477_n.jpg","width":367,"height":367},{"@type":"BreadcrumbList","@id":"https:\/\/www.peterfasching.com\/wordpress\/produkt\/diamant\/#breadcrumb","itemListElement":[{"@type":"ListItem","position":1,"name":"Startseite","item":"https:\/\/www.peterfasching.com\/wordpress\/"},{"@type":"ListItem","position":2,"name":"Shop","item":"https:\/\/www.peterfasching.com\/wordpress\/shop\/"},{"@type":"ListItem","position":3,"name":"Diamant-Paket"}]},{"@type":"WebSite","@id":"https:\/\/www.peterfasching.com\/wordpress\/#website","url":"https:\/\/www.peterfasching.com\/wordpress\/","name":"Peter Fasching Photography","description":"More than photography. We create memories.","publisher":{"@id":"https:\/\/www.peterfasching.com\/wordpress\/#organization"},"potentialAction":[{"@type":"SearchAction","target":{"@type":"EntryPoint","urlTemplate":"https:\/\/www.peterfasching.com\/wordpress\/?s={search_term_string}"},"query-input":{"@type":"PropertyValueSpecification","valueRequired":true,"valueName":"search_term_string"}}],"inLanguage":"de"},{"@type":"Organization","@id":"https:\/\/www.peterfasching.com\/wordpress\/#organization","name":"Peter Fasching Photography","url":"https:\/\/www.peterfasching.com\/wordpress\/","logo":{"@type":"ImageObject","inLanguage":"de","@id":"https:\/\/www.peterfasching.com\/wordpress\/#\/schema\/logo\/image\/","url":"https:\/\/www.peterfasching.com\/wordpress\/wp-content\/uploads\/2017\/06\/logo-mit-gesicht-Kopie-Kopie.png","contentUrl":"https:\/\/www.peterfasching.com\/wordpress\/wp-content\/uploads\/2017\/06\/logo-mit-gesicht-Kopie-Kopie.png","width":367,"height":367,"caption":"Peter Fasching Photography"},"image":{"@id":"https:\/\/www.peterfasching.com\/wordpress\/#\/schema\/logo\/image\/"},"sameAs":["https:\/\/www.facebook.com\/peterfaschingphotography\/","https:\/\/x.com\/Peter_Fasching","https:\/\/www.instagram.com\/peter.fasching_photography\/","https:\/\/www.youtube.com\/channel\/UCNoJYd82Kvlk7T1ivttbXrA"]}]}},"_links":{"self":[{"href":"https:\/\/www.peterfasching.com\/wordpress\/wp-json\/wp\/v2\/product\/971","targetHints":{"allow":["GET"]}}],"collection":[{"href":"https:\/\/www.peterfasching.com\/wordpress\/wp-json\/wp\/v2\/product"}],"about":[{"href":"https:\/\/www.peterfasching.com\/wordpress\/wp-json\/wp\/v2\/types\/product"}],"replies":[{"embeddable":true,"href":"https:\/\/www.peterfasching.com\/wordpress\/wp-json\/wp\/v2\/comments?post=971"}],"wp:featuredmedia":[{"embeddable":true,"href":"https:\/\/www.peterfasching.com\/wordpress\/wp-json\/wp\/v2\/media\/1113"}],"wp:attachment":[{"href":"https:\/\/www.peterfasching.com\/wordpress\/wp-json\/wp\/v2\/media?parent=971"}],"wp:term":[{"taxonomy":"product_brand","embeddable":true,"href":"https:\/\/www.peterfasching.com\/wordpress\/wp-json\/wp\/v2\/product_brand?post=971"},{"taxonomy":"product_cat","embeddable":true,"href":"https:\/\/www.peterfasching.com\/wordpress\/wp-json\/wp\/v2\/product_cat?post=971"},{"taxonomy":"product_tag","embeddable":true,"href":"https:\/\/www.peterfasching.com\/wordpress\/wp-json\/wp\/v2\/product_tag?post=971"}],"curies":[{"name":"wp","href":"https:\/\/api.w.org\/{rel}","templated":true}]}}