{"id":6067,"date":"2026-04-27T14:56:09","date_gmt":"2026-04-27T12:56:09","guid":{"rendered":"https:\/\/www.peterfasching.com\/wordpress\/?post_type=product&#038;p=6067"},"modified":"2026-04-27T15:23:22","modified_gmt":"2026-04-27T13:23:22","slug":"iris-shooting","status":"publish","type":"product","link":"https:\/\/www.peterfasching.com\/wordpress\/produkt\/iris-shooting\/","title":{"rendered":"Iris-Shooting"},"content":{"rendered":"<h2 data-section-id=\"j317a\" data-start=\"145\" data-end=\"194\">\ud83c\udf08 Iris Fotografie \u2013 Deine Augen als Kunstwerk<\/h2>\n<p data-start=\"196\" data-end=\"447\">Die Iris ist so einzigartig wie dein Fingerabdruck \u2013 ein faszinierendes Zusammenspiel aus Farben, Strukturen und Licht. Mit unserer Iris Fotografie machen wir dieses verborgene Detail sichtbar und verwandeln dein Auge in ein atemberaubendes Kunstwerk.<\/p>\n<h3 data-section-id=\"jiyvxn\" data-start=\"449\" data-end=\"490\">\u2728 Einzigartig. Pers\u00f6nlich. Emotional.<\/h3>\n<p data-start=\"491\" data-end=\"686\">Jedes Bild erz\u00e4hlt eine Geschichte \u2013 deine. Feinste Strukturen, intensive Farben und beeindruckende Details werden mit modernster Technik hochaufl\u00f6send eingefangen und kunstvoll in Szene gesetzt.<\/p>\n<h3 data-section-id=\"qu4pdh\" data-start=\"688\" data-end=\"712\">\ud83d\udcf8 So funktioniert\u2019s<\/h3>\n<p data-start=\"713\" data-end=\"964\">In einem kurzen, entspannten Fotoshooting fotografieren wir deine Iris mit spezieller Makro-Technik.<\/p>\n<h3 data-section-id=\"yw804d\" data-start=\"966\" data-end=\"1005\">\ud83d\uddbc\ufe0f Dein Kunstwerk f\u00fcr die Ewigkeit<\/h3>\n<p data-start=\"1006\" data-end=\"1174\">Ob als hochwertiger Print, Acrylglasbild oder digitales Kunstwerk \u2013 deine Iris wird zu einem echten Blickfang f\u00fcr dein Zuhause oder zu einem au\u00dfergew\u00f6hnlichen Geschenk.<\/p>\n<h3 data-section-id=\"1oxieyx\" data-start=\"1176\" data-end=\"1207\">\ud83c\udf81 Perfekt als Geschenkidee<\/h3>\n<p data-start=\"1208\" data-end=\"1379\">\u00dcberrasche deine Liebsten mit etwas wirklich Einzigartigem: Paarshootings, Familienkombinationen oder Freundschaftsbilder machen die Verbindung zwischen Menschen sichtbar.<\/p>\n<hr data-start=\"1381\" data-end=\"1384\" \/>\n<h2 data-section-id=\"1pf8vh3\" data-start=\"1386\" data-end=\"1414\">\ud83d\udca1 Warum Iris Fotografie?<\/h2>\n<ul data-start=\"1415\" data-end=\"1584\">\n<li data-section-id=\"14d4d9i\" data-start=\"1415\" data-end=\"1462\">Einzigartiger als jedes klassische Portrait<\/li>\n<li data-section-id=\"y8bjdm\" data-start=\"1463\" data-end=\"1489\">Emotional &amp; pers\u00f6nlich<\/li>\n<li data-section-id=\"1r8na9c\" data-start=\"1490\" data-end=\"1530\">Modern, stylisch und au\u00dfergew\u00f6hnlich<\/li>\n<li data-section-id=\"v0isr\" data-start=\"1531\" data-end=\"1584\">Perfekt f\u00fcr Geschenke oder als Interior-Highlight<\/li>\n<\/ul>\n","protected":false},"excerpt":{"rendered":"<p>Jede Iris erz\u00e4hlt ihre eigene Geschichte. Von k\u00fchlem Blau bis warmem Bernstein entstehen ausdrucksstarke Kunstwerke mit intensiven Farben und au\u00dfergew\u00f6hnlicher Struktur.<\/p>\n<p>Im Preis inklusive sind 1 Bild als Datei und der Ausdruck in 10x15cm.<\/p>\n","protected":false},"featured_media":6068,"comment_status":"closed","ping_status":"closed","template":"","meta":[],"product_brand":[],"product_cat":[156],"product_tag":[],"class_list":{"0":"post-6067","1":"product","2":"type-product","3":"status-publish","4":"has-post-thumbnail","6":"product_cat-specials","8":"first","9":"instock","10":"virtual","11":"taxable","12":"purchasable","13":"product-type-appointment"},"exclude_global_add_ons":[],"addons":[],"yoast_head":"<!-- This site is optimized with the Yoast SEO plugin v27.1.1 - https:\/\/yoast.com\/product\/yoast-seo-wordpress\/ -->\n<title>Iris-Shooting - Peter Fasching Photography<\/title>\n<meta name=\"robots\" content=\"index, follow, max-snippet:-1, max-image-preview:large, max-video-preview:-1\" \/>\n<link rel=\"canonical\" href=\"https:\/\/www.peterfasching.com\/wordpress\/produkt\/iris-shooting\/\" \/>\n<meta property=\"og:locale\" content=\"de_DE\" \/>\n<meta property=\"og:type\" content=\"article\" \/>\n<meta property=\"og:title\" content=\"Iris-Shooting - Peter Fasching Photography\" \/>\n<meta property=\"og:description\" content=\"Jede Iris erz\u00e4hlt ihre eigene Geschichte. Von k\u00fchlem Blau bis warmem Bernstein entstehen ausdrucksstarke Kunstwerke mit intensiven Farben und au\u00dfergew\u00f6hnlicher Struktur.  Im Preis inklusive sind 1 Bild als Datei und der Ausdruck in 10x15cm.\" \/>\n<meta property=\"og:url\" content=\"https:\/\/www.peterfasching.com\/wordpress\/produkt\/iris-shooting\/\" \/>\n<meta property=\"og:site_name\" content=\"Peter Fasching Photography\" \/>\n<meta property=\"article:publisher\" content=\"https:\/\/www.facebook.com\/peterfaschingphotography\/\" \/>\n<meta property=\"article:modified_time\" content=\"2026-04-27T13:23:22+00:00\" \/>\n<meta property=\"og:image\" content=\"https:\/\/www.peterfasching.com\/wordpress\/wp-content\/uploads\/2026\/04\/Iris_1.png\" \/>\n\t<meta property=\"og:image:width\" content=\"1024\" \/>\n\t<meta property=\"og:image:height\" content=\"1024\" \/>\n\t<meta property=\"og:image:type\" content=\"image\/png\" \/>\n<meta name=\"twitter:card\" content=\"summary_large_image\" \/>\n<meta name=\"twitter:site\" content=\"@Peter_Fasching\" \/>\n<meta name=\"twitter:label1\" content=\"Gesch\u00e4tzte Lesezeit\" \/>\n\t<meta name=\"twitter:data1\" content=\"2\u00a0Minuten\" \/>\n<script type=\"application\/ld+json\" class=\"yoast-schema-graph\">{\"@context\":\"https:\/\/schema.org\",\"@graph\":[{\"@type\":\"WebPage\",\"@id\":\"https:\/\/www.peterfasching.com\/wordpress\/produkt\/iris-shooting\/\",\"url\":\"https:\/\/www.peterfasching.com\/wordpress\/produkt\/iris-shooting\/\",\"name\":\"Iris-Shooting - Peter Fasching Photography\",\"isPartOf\":{\"@id\":\"https:\/\/www.peterfasching.com\/wordpress\/#website\"},\"primaryImageOfPage\":{\"@id\":\"https:\/\/www.peterfasching.com\/wordpress\/produkt\/iris-shooting\/#primaryimage\"},\"image\":{\"@id\":\"https:\/\/www.peterfasching.com\/wordpress\/produkt\/iris-shooting\/#primaryimage\"},\"thumbnailUrl\":\"https:\/\/www.peterfasching.com\/wordpress\/wp-content\/uploads\/2026\/04\/Iris_1.png\",\"datePublished\":\"2026-04-27T12:56:09+00:00\",\"dateModified\":\"2026-04-27T13:23:22+00:00\",\"breadcrumb\":{\"@id\":\"https:\/\/www.peterfasching.com\/wordpress\/produkt\/iris-shooting\/#breadcrumb\"},\"inLanguage\":\"de\",\"potentialAction\":[{\"@type\":\"ReadAction\",\"target\":[\"https:\/\/www.peterfasching.com\/wordpress\/produkt\/iris-shooting\/\"]}]},{\"@type\":\"ImageObject\",\"inLanguage\":\"de\",\"@id\":\"https:\/\/www.peterfasching.com\/wordpress\/produkt\/iris-shooting\/#primaryimage\",\"url\":\"https:\/\/www.peterfasching.com\/wordpress\/wp-content\/uploads\/2026\/04\/Iris_1.png\",\"contentUrl\":\"https:\/\/www.peterfasching.com\/wordpress\/wp-content\/uploads\/2026\/04\/Iris_1.png\",\"width\":1024,\"height\":1024},{\"@type\":\"BreadcrumbList\",\"@id\":\"https:\/\/www.peterfasching.com\/wordpress\/produkt\/iris-shooting\/#breadcrumb\",\"itemListElement\":[{\"@type\":\"ListItem\",\"position\":1,\"name\":\"Startseite\",\"item\":\"https:\/\/www.peterfasching.com\/wordpress\/\"},{\"@type\":\"ListItem\",\"position\":2,\"name\":\"Shop\",\"item\":\"https:\/\/www.peterfasching.com\/wordpress\/shop\/\"},{\"@type\":\"ListItem\",\"position\":3,\"name\":\"Iris-Shooting\"}]},{\"@type\":\"WebSite\",\"@id\":\"https:\/\/www.peterfasching.com\/wordpress\/#website\",\"url\":\"https:\/\/www.peterfasching.com\/wordpress\/\",\"name\":\"Peter Fasching Photography\",\"description\":\"More than photography. We create memories.\",\"publisher\":{\"@id\":\"https:\/\/www.peterfasching.com\/wordpress\/#organization\"},\"potentialAction\":[{\"@type\":\"SearchAction\",\"target\":{\"@type\":\"EntryPoint\",\"urlTemplate\":\"https:\/\/www.peterfasching.com\/wordpress\/?s={search_term_string}\"},\"query-input\":{\"@type\":\"PropertyValueSpecification\",\"valueRequired\":true,\"valueName\":\"search_term_string\"}}],\"inLanguage\":\"de\"},{\"@type\":\"Organization\",\"@id\":\"https:\/\/www.peterfasching.com\/wordpress\/#organization\",\"name\":\"Peter Fasching Photography\",\"url\":\"https:\/\/www.peterfasching.com\/wordpress\/\",\"logo\":{\"@type\":\"ImageObject\",\"inLanguage\":\"de\",\"@id\":\"https:\/\/www.peterfasching.com\/wordpress\/#\/schema\/logo\/image\/\",\"url\":\"https:\/\/www.peterfasching.com\/wordpress\/wp-content\/uploads\/2017\/06\/logo-mit-gesicht-Kopie-Kopie.png\",\"contentUrl\":\"https:\/\/www.peterfasching.com\/wordpress\/wp-content\/uploads\/2017\/06\/logo-mit-gesicht-Kopie-Kopie.png\",\"width\":367,\"height\":367,\"caption\":\"Peter Fasching Photography\"},\"image\":{\"@id\":\"https:\/\/www.peterfasching.com\/wordpress\/#\/schema\/logo\/image\/\"},\"sameAs\":[\"https:\/\/www.facebook.com\/peterfaschingphotography\/\",\"https:\/\/x.com\/Peter_Fasching\",\"https:\/\/www.instagram.com\/peter.fasching_photography\/\",\"https:\/\/www.youtube.com\/channel\/UCNoJYd82Kvlk7T1ivttbXrA\"]}]}<\/script>\n<!-- \/ Yoast SEO plugin. -->","yoast_head_json":{"title":"Iris-Shooting - Peter Fasching Photography","robots":{"index":"index","follow":"follow","max-snippet":"max-snippet:-1","max-image-preview":"max-image-preview:large","max-video-preview":"max-video-preview:-1"},"canonical":"https:\/\/www.peterfasching.com\/wordpress\/produkt\/iris-shooting\/","og_locale":"de_DE","og_type":"article","og_title":"Iris-Shooting - Peter Fasching Photography","og_description":"Jede Iris erz\u00e4hlt ihre eigene Geschichte. Von k\u00fchlem Blau bis warmem Bernstein entstehen ausdrucksstarke Kunstwerke mit intensiven Farben und au\u00dfergew\u00f6hnlicher Struktur.  Im Preis inklusive sind 1 Bild als Datei und der Ausdruck in 10x15cm.","og_url":"https:\/\/www.peterfasching.com\/wordpress\/produkt\/iris-shooting\/","og_site_name":"Peter Fasching Photography","article_publisher":"https:\/\/www.facebook.com\/peterfaschingphotography\/","article_modified_time":"2026-04-27T13:23:22+00:00","og_image":[{"width":1024,"height":1024,"url":"https:\/\/www.peterfasching.com\/wordpress\/wp-content\/uploads\/2026\/04\/Iris_1.png","type":"image\/png"}],"twitter_card":"summary_large_image","twitter_site":"@Peter_Fasching","twitter_misc":{"Gesch\u00e4tzte Lesezeit":"2\u00a0Minuten"},"schema":{"@context":"https:\/\/schema.org","@graph":[{"@type":"WebPage","@id":"https:\/\/www.peterfasching.com\/wordpress\/produkt\/iris-shooting\/","url":"https:\/\/www.peterfasching.com\/wordpress\/produkt\/iris-shooting\/","name":"Iris-Shooting - Peter Fasching Photography","isPartOf":{"@id":"https:\/\/www.peterfasching.com\/wordpress\/#website"},"primaryImageOfPage":{"@id":"https:\/\/www.peterfasching.com\/wordpress\/produkt\/iris-shooting\/#primaryimage"},"image":{"@id":"https:\/\/www.peterfasching.com\/wordpress\/produkt\/iris-shooting\/#primaryimage"},"thumbnailUrl":"https:\/\/www.peterfasching.com\/wordpress\/wp-content\/uploads\/2026\/04\/Iris_1.png","datePublished":"2026-04-27T12:56:09+00:00","dateModified":"2026-04-27T13:23:22+00:00","breadcrumb":{"@id":"https:\/\/www.peterfasching.com\/wordpress\/produkt\/iris-shooting\/#breadcrumb"},"inLanguage":"de","potentialAction":[{"@type":"ReadAction","target":["https:\/\/www.peterfasching.com\/wordpress\/produkt\/iris-shooting\/"]}]},{"@type":"ImageObject","inLanguage":"de","@id":"https:\/\/www.peterfasching.com\/wordpress\/produkt\/iris-shooting\/#primaryimage","url":"https:\/\/www.peterfasching.com\/wordpress\/wp-content\/uploads\/2026\/04\/Iris_1.png","contentUrl":"https:\/\/www.peterfasching.com\/wordpress\/wp-content\/uploads\/2026\/04\/Iris_1.png","width":1024,"height":1024},{"@type":"BreadcrumbList","@id":"https:\/\/www.peterfasching.com\/wordpress\/produkt\/iris-shooting\/#breadcrumb","itemListElement":[{"@type":"ListItem","position":1,"name":"Startseite","item":"https:\/\/www.peterfasching.com\/wordpress\/"},{"@type":"ListItem","position":2,"name":"Shop","item":"https:\/\/www.peterfasching.com\/wordpress\/shop\/"},{"@type":"ListItem","position":3,"name":"Iris-Shooting"}]},{"@type":"WebSite","@id":"https:\/\/www.peterfasching.com\/wordpress\/#website","url":"https:\/\/www.peterfasching.com\/wordpress\/","name":"Peter Fasching Photography","description":"More than photography. We create memories.","publisher":{"@id":"https:\/\/www.peterfasching.com\/wordpress\/#organization"},"potentialAction":[{"@type":"SearchAction","target":{"@type":"EntryPoint","urlTemplate":"https:\/\/www.peterfasching.com\/wordpress\/?s={search_term_string}"},"query-input":{"@type":"PropertyValueSpecification","valueRequired":true,"valueName":"search_term_string"}}],"inLanguage":"de"},{"@type":"Organization","@id":"https:\/\/www.peterfasching.com\/wordpress\/#organization","name":"Peter Fasching Photography","url":"https:\/\/www.peterfasching.com\/wordpress\/","logo":{"@type":"ImageObject","inLanguage":"de","@id":"https:\/\/www.peterfasching.com\/wordpress\/#\/schema\/logo\/image\/","url":"https:\/\/www.peterfasching.com\/wordpress\/wp-content\/uploads\/2017\/06\/logo-mit-gesicht-Kopie-Kopie.png","contentUrl":"https:\/\/www.peterfasching.com\/wordpress\/wp-content\/uploads\/2017\/06\/logo-mit-gesicht-Kopie-Kopie.png","width":367,"height":367,"caption":"Peter Fasching Photography"},"image":{"@id":"https:\/\/www.peterfasching.com\/wordpress\/#\/schema\/logo\/image\/"},"sameAs":["https:\/\/www.facebook.com\/peterfaschingphotography\/","https:\/\/x.com\/Peter_Fasching","https:\/\/www.instagram.com\/peter.fasching_photography\/","https:\/\/www.youtube.com\/channel\/UCNoJYd82Kvlk7T1ivttbXrA"]}]}},"_links":{"self":[{"href":"https:\/\/www.peterfasching.com\/wordpress\/wp-json\/wp\/v2\/product\/6067","targetHints":{"allow":["GET"]}}],"collection":[{"href":"https:\/\/www.peterfasching.com\/wordpress\/wp-json\/wp\/v2\/product"}],"about":[{"href":"https:\/\/www.peterfasching.com\/wordpress\/wp-json\/wp\/v2\/types\/product"}],"replies":[{"embeddable":true,"href":"https:\/\/www.peterfasching.com\/wordpress\/wp-json\/wp\/v2\/comments?post=6067"}],"wp:featuredmedia":[{"embeddable":true,"href":"https:\/\/www.peterfasching.com\/wordpress\/wp-json\/wp\/v2\/media\/6068"}],"wp:attachment":[{"href":"https:\/\/www.peterfasching.com\/wordpress\/wp-json\/wp\/v2\/media?parent=6067"}],"wp:term":[{"taxonomy":"product_brand","embeddable":true,"href":"https:\/\/www.peterfasching.com\/wordpress\/wp-json\/wp\/v2\/product_brand?post=6067"},{"taxonomy":"product_cat","embeddable":true,"href":"https:\/\/www.peterfasching.com\/wordpress\/wp-json\/wp\/v2\/product_cat?post=6067"},{"taxonomy":"product_tag","embeddable":true,"href":"https:\/\/www.peterfasching.com\/wordpress\/wp-json\/wp\/v2\/product_tag?post=6067"}],"curies":[{"name":"wp","href":"https:\/\/api.w.org\/{rel}","templated":true}]}}