{"id":2238,"date":"2017-09-08T13:51:25","date_gmt":"2017-09-08T11:51:25","guid":{"rendered":"http:\/\/www.peterfasching.com\/wordpress\/?page_id=2238"},"modified":"2017-09-08T13:54:50","modified_gmt":"2017-09-08T11:54:50","slug":"was-kunden-sagen","status":"publish","type":"page","link":"https:\/\/www.peterfasching.com\/wordpress\/was-kunden-sagen\/","title":{"rendered":"Was Kunden sagen"},"content":{"rendered":"<p>Hier eine kleine Sammlung der Kundenfeedbacks, die ich im Laufe der zeit gesammelt habe. Alle Texte wurden zitiert:<\/p>\n<p>&nbsp;<\/p>\n<p><strong>Kerstin B., 31.08.2917<\/strong><\/p>\n<p>Hallo Peter Hallo Lina!Danke f\u00fcr die tollen Fotos!!!!! \ud83d\ude0e\ud83d\ude0e\ud83d\ude0e endlich Fotos wo wir normal aussehen\ud83d\ude02\ud83d\ude02. Vielen Dank f\u00fcr deine Bem\u00fchungen!<\/p>\n<p>&nbsp;<\/p>\n<p><strong>Brigitte K., 29.08.2017<\/strong><\/p>\n<p><em>Hallo Peter &amp; Team,<br \/>\n<\/em><em>die Bilder sind W\u00d6DKLASSE !!!!!! \u2013 tausend Dank nochmals daf\u00fcr !!!<br \/>\n<\/em><em>lg<br \/>\n<\/em><em>Brigitte<\/em><\/p>\n<p>&nbsp;<\/p>\n<p><strong>Vanessa L., 29.08.2017<\/strong><\/p>\n<p><em>OHHH MEIN GOTT \ud83d\ude0d\ud83d\ude0d<\/em><br \/>\n<em>DANKEESCH\u00d6N F\u00dcR DIE WUNDERSCH\u00d6NEN FOTOS SIND DER HAMMER \ud83d\ude0d\ud83d\ude0d<\/em><\/p>\n<p>&nbsp;<\/p>\n<p><strong>Barbara B., 29.08.2017<\/strong><\/p>\n<p><em>Hallo!<br \/>\n<\/em><em>Also ich m\u00f6chte mich auch ganz herzlich f\u00fcr das tolle shooting und f\u00fcr die super Bilder bedanken!!!! Sind wirklich alle Bilder super geworden!!!!<br \/>\n<\/em><em>lg<\/em><br \/>\n<em>barbara<\/em><\/p>\n<p>&nbsp;<\/p>\n<p><strong>Gloria W., 29.08.2017<\/strong><\/p>\n<div><em>Lieber Peter, liebe Lina!<\/em><\/div>\n<div><em>\u00a0<\/em><\/div>\n<div><em>Danke f\u00fcr die Bilder \ud83d\ude00 Schauen wirklich super aus!<\/em><\/div>\n<div><em>Das Shooting war super lustig und angenehm. Danke auch daf\u00fcr.\u00a0<\/em><\/div>\n<div><em>Nat\u00fcrlich verlinke ich euch, wenn ich Bilder hochlade!<\/em><\/div>\n<div><em>LG und danke f\u00fcr alles<\/em><\/div>\n<div><em>Gloria<\/em><\/div>\n<p>&nbsp;<\/p>\n<div><strong>Isabella S., 22.06.2017<\/strong><br \/>\n<em>Omg die sind sooo toll geworden\u00a0\ud83d\ude0d\ud83d\ude0d\ud83d\ude0d\ud83d\ude0d\ud83d\ude0d\u00a0vielen herzlichen Dank !!! Ein Traum !<\/em><\/div>\n<p>&nbsp;<\/p>\n<div><strong>Stefanie B., 21.01.2017<\/strong><\/div>\n<div><em>M\u00f6chte mich gerne als vip kunde anmelden weeeeeeil&#8230; Ich total begeistert bin von dir und deinen fotos!<\/em><br \/>\n<em>Mein akt shooting was ich bei dir gemacht habe hat mir viel spass gemacht obwohl ich sehr nerv\u00f6s war&#8230; \u00a0Trotzdem sind die bilder echt sch\u00f6n geworden und ich war so begeistert davon das ich jetzt viel viel \u00f6fter kommen m\u00f6chte!<\/em><br \/>\n<em>Ganz liebe gr\u00fc\u00dfe<\/em><\/div>\n<p>&nbsp;<\/p>\n<div><strong>Isabella S., 11.08.16<\/strong><br \/>\n<em>Oh mein Gott! Die sind alle sooo toll geworden\u00a0\ud83d\ude31\u00a0tut mir echt leid aber ich konnte mich einfach nicht auf drei beschr\u00e4nken\u00a0\ud83d\ude48\u00a0also meine Favoriten sind: 199, 188, 208, 228, 264, 274<\/em><\/div>\n<p>&nbsp;<\/p>\n<div><strong>Claudia K., 02.01.2016<\/strong><\/div>\n<div>\n<p><em>War so sau geil das es spontan so toll geklappt hat, danke hierf\u00fcr! Ich mag das Du ein &#8222;Anpacker&#8220; bist, you don&#8217;t just talk, you make shit happen! und von solchen gibt es zu wenig \ud83d\ude09<br \/>\n<\/em><em>Thanxs for your time and enjoy the tour, I will be in the sun \ud83d\ude09<\/em><\/p>\n<\/div>\n<p>&nbsp;<\/p>\n<div><strong>Orlando S., 05.01.2016<\/strong><\/div>\n<div>\n<p><em>Du was ich dir noch mitteilen wollte &#8211; ich fand das shooting gestern echt angenehm, war total entspannt und konnte mal wirklich bisschen was ausprobieren, danke f\u00fcr diese Arbeitsatmosph\u00e4re\u00a0\ud83d\ude0e<\/em><\/p>\n<p>&nbsp;<\/p>\n<\/div>\n<div><\/div>\n","protected":false},"excerpt":{"rendered":"<p>Hier eine kleine Sammlung der Kundenfeedbacks, die ich im Laufe der zeit gesammelt habe. Alle Texte wurden zitiert: &nbsp; Kerstin B., 31.08.2917 Hallo Peter Hallo Lina!Danke f\u00fcr die tollen Fotos!!!!! \ud83d\ude0e\ud83d\ude0e\ud83d\ude0e endlich Fotos wo wir normal aussehen\ud83d\ude02\ud83d\ude02. Vielen Dank f\u00fcr deine Bem\u00fchungen! &nbsp; Brigitte K., 29.08.2017 Hallo Peter &amp; Team, die Bilder sind W\u00d6DKLASSE !!!!!! \u2013 tausend Dank nochmals daf\u00fcr !!! lg Brigitte &nbsp; Vanessa L., 29.08.2017 OHHH MEIN GOTT \ud83d\ude0d\ud83d\ude0d DANKEESCH\u00d6N F\u00dcR DIE WUNDERSCH\u00d6NEN FOTOS SIND DER HAMMER \ud83d\ude0d\ud83d\ude0d &nbsp; Barbara B., 29.08.2017 Hallo! Also ich m\u00f6chte mich auch ganz herzlich f\u00fcr das tolle shooting und f\u00fcr die super Bilder bedanken!!!! Sind wirklich alle Bilder super geworden!!!! lg barbara &nbsp; Gloria W., 29.08.2017 Lieber Peter, liebe Lina! \u00a0 Danke f\u00fcr die Bilder \ud83d\ude00 Schauen wirklich super aus! Das Shooting war super lustig und angenehm. Danke auch daf\u00fcr.\u00a0 Nat\u00fcrlich verlinke ich euch, wenn ich Bilder hochlade! LG und danke f\u00fcr alles Gloria &nbsp; Isabella S., 22.06.2017 Omg die sind sooo toll geworden\u00a0\ud83d\ude0d\ud83d\ude0d\ud83d\ude0d\ud83d\ude0d\ud83d\ude0d\u00a0vielen herzlichen Dank !!! Ein Traum ! &nbsp; Stefanie B., 21.01.2017 M\u00f6chte mich gerne als vip kunde anmelden weeeeeeil&#8230; Ich total begeistert bin von dir und deinen fotos! Mein akt shooting was ich bei dir gemacht habe hat mir [&hellip;]<\/p>\n","protected":false},"author":1,"featured_media":0,"parent":0,"menu_order":0,"comment_status":"closed","ping_status":"closed","template":"","meta":{"footnotes":""},"class_list":["post-2238","page","type-page","status-publish","hentry"],"yoast_head":"<!-- This site is optimized with the Yoast SEO plugin v27.1.1 - https:\/\/yoast.com\/product\/yoast-seo-wordpress\/ -->\n<title>Was Kunden sagen - Peter Fasching Photography<\/title>\n<meta name=\"description\" content=\"Peter Fasching photography, Fotografie, Akt, Fotograf, Portrait, Fotoshooting, Shooting, people, photographer, photograph, photography, fine art nude, portrait, photoshooting, shooting\" \/>\n<meta name=\"robots\" content=\"index, follow, max-snippet:-1, max-image-preview:large, max-video-preview:-1\" \/>\n<link rel=\"canonical\" href=\"https:\/\/www.peterfasching.com\/wordpress\/was-kunden-sagen\/\" \/>\n<meta property=\"og:locale\" content=\"de_DE\" \/>\n<meta property=\"og:type\" content=\"article\" \/>\n<meta property=\"og:title\" content=\"Was Kunden sagen - Peter Fasching Photography\" \/>\n<meta property=\"og:description\" content=\"Peter Fasching photography, Fotografie, Akt, Fotograf, Portrait, Fotoshooting, Shooting, people, photographer, photograph, photography, fine art nude, portrait, photoshooting, shooting\" \/>\n<meta property=\"og:url\" content=\"https:\/\/www.peterfasching.com\/wordpress\/was-kunden-sagen\/\" \/>\n<meta property=\"og:site_name\" content=\"Peter Fasching Photography\" \/>\n<meta property=\"article:publisher\" content=\"https:\/\/www.facebook.com\/peterfaschingphotography\/\" \/>\n<meta property=\"article:modified_time\" content=\"2017-09-08T11:54:50+00:00\" \/>\n<meta name=\"twitter:card\" content=\"summary_large_image\" \/>\n<meta name=\"twitter:site\" content=\"@Peter_Fasching\" \/>\n<meta name=\"twitter:label1\" content=\"Gesch\u00e4tzte Lesezeit\" \/>\n\t<meta name=\"twitter:data1\" content=\"2\u00a0Minuten\" \/>\n<script type=\"application\/ld+json\" class=\"yoast-schema-graph\">{\"@context\":\"https:\/\/schema.org\",\"@graph\":[{\"@type\":\"WebPage\",\"@id\":\"https:\/\/www.peterfasching.com\/wordpress\/was-kunden-sagen\/\",\"url\":\"https:\/\/www.peterfasching.com\/wordpress\/was-kunden-sagen\/\",\"name\":\"Was Kunden sagen - Peter Fasching Photography\",\"isPartOf\":{\"@id\":\"https:\/\/www.peterfasching.com\/wordpress\/#website\"},\"datePublished\":\"2017-09-08T11:51:25+00:00\",\"dateModified\":\"2017-09-08T11:54:50+00:00\",\"description\":\"Peter Fasching photography, Fotografie, Akt, Fotograf, Portrait, Fotoshooting, Shooting, people, photographer, photograph, photography, fine art nude, portrait, photoshooting, shooting\",\"breadcrumb\":{\"@id\":\"https:\/\/www.peterfasching.com\/wordpress\/was-kunden-sagen\/#breadcrumb\"},\"inLanguage\":\"de\",\"potentialAction\":[{\"@type\":\"ReadAction\",\"target\":[\"https:\/\/www.peterfasching.com\/wordpress\/was-kunden-sagen\/\"]}]},{\"@type\":\"BreadcrumbList\",\"@id\":\"https:\/\/www.peterfasching.com\/wordpress\/was-kunden-sagen\/#breadcrumb\",\"itemListElement\":[{\"@type\":\"ListItem\",\"position\":1,\"name\":\"Startseite\",\"item\":\"https:\/\/www.peterfasching.com\/wordpress\/\"},{\"@type\":\"ListItem\",\"position\":2,\"name\":\"Was Kunden sagen\"}]},{\"@type\":\"WebSite\",\"@id\":\"https:\/\/www.peterfasching.com\/wordpress\/#website\",\"url\":\"https:\/\/www.peterfasching.com\/wordpress\/\",\"name\":\"Peter Fasching Photography\",\"description\":\"More than photography. We create memories.\",\"publisher\":{\"@id\":\"https:\/\/www.peterfasching.com\/wordpress\/#organization\"},\"potentialAction\":[{\"@type\":\"SearchAction\",\"target\":{\"@type\":\"EntryPoint\",\"urlTemplate\":\"https:\/\/www.peterfasching.com\/wordpress\/?s={search_term_string}\"},\"query-input\":{\"@type\":\"PropertyValueSpecification\",\"valueRequired\":true,\"valueName\":\"search_term_string\"}}],\"inLanguage\":\"de\"},{\"@type\":\"Organization\",\"@id\":\"https:\/\/www.peterfasching.com\/wordpress\/#organization\",\"name\":\"Peter Fasching Photography\",\"url\":\"https:\/\/www.peterfasching.com\/wordpress\/\",\"logo\":{\"@type\":\"ImageObject\",\"inLanguage\":\"de\",\"@id\":\"https:\/\/www.peterfasching.com\/wordpress\/#\/schema\/logo\/image\/\",\"url\":\"https:\/\/www.peterfasching.com\/wordpress\/wp-content\/uploads\/2017\/06\/logo-mit-gesicht-Kopie-Kopie.png\",\"contentUrl\":\"https:\/\/www.peterfasching.com\/wordpress\/wp-content\/uploads\/2017\/06\/logo-mit-gesicht-Kopie-Kopie.png\",\"width\":367,\"height\":367,\"caption\":\"Peter Fasching Photography\"},\"image\":{\"@id\":\"https:\/\/www.peterfasching.com\/wordpress\/#\/schema\/logo\/image\/\"},\"sameAs\":[\"https:\/\/www.facebook.com\/peterfaschingphotography\/\",\"https:\/\/x.com\/Peter_Fasching\",\"https:\/\/www.instagram.com\/peter.fasching_photography\/\",\"https:\/\/www.youtube.com\/channel\/UCNoJYd82Kvlk7T1ivttbXrA\"]}]}<\/script>\n<!-- \/ Yoast SEO plugin. -->","yoast_head_json":{"title":"Was Kunden sagen - Peter Fasching Photography","description":"Peter Fasching photography, Fotografie, Akt, Fotograf, Portrait, Fotoshooting, Shooting, people, photographer, photograph, photography, fine art nude, portrait, photoshooting, shooting","robots":{"index":"index","follow":"follow","max-snippet":"max-snippet:-1","max-image-preview":"max-image-preview:large","max-video-preview":"max-video-preview:-1"},"canonical":"https:\/\/www.peterfasching.com\/wordpress\/was-kunden-sagen\/","og_locale":"de_DE","og_type":"article","og_title":"Was Kunden sagen - Peter Fasching Photography","og_description":"Peter Fasching photography, Fotografie, Akt, Fotograf, Portrait, Fotoshooting, Shooting, people, photographer, photograph, photography, fine art nude, portrait, photoshooting, shooting","og_url":"https:\/\/www.peterfasching.com\/wordpress\/was-kunden-sagen\/","og_site_name":"Peter Fasching Photography","article_publisher":"https:\/\/www.facebook.com\/peterfaschingphotography\/","article_modified_time":"2017-09-08T11:54:50+00:00","twitter_card":"summary_large_image","twitter_site":"@Peter_Fasching","twitter_misc":{"Gesch\u00e4tzte Lesezeit":"2\u00a0Minuten"},"schema":{"@context":"https:\/\/schema.org","@graph":[{"@type":"WebPage","@id":"https:\/\/www.peterfasching.com\/wordpress\/was-kunden-sagen\/","url":"https:\/\/www.peterfasching.com\/wordpress\/was-kunden-sagen\/","name":"Was Kunden sagen - Peter Fasching Photography","isPartOf":{"@id":"https:\/\/www.peterfasching.com\/wordpress\/#website"},"datePublished":"2017-09-08T11:51:25+00:00","dateModified":"2017-09-08T11:54:50+00:00","description":"Peter Fasching photography, Fotografie, Akt, Fotograf, Portrait, Fotoshooting, Shooting, people, photographer, photograph, photography, fine art nude, portrait, photoshooting, shooting","breadcrumb":{"@id":"https:\/\/www.peterfasching.com\/wordpress\/was-kunden-sagen\/#breadcrumb"},"inLanguage":"de","potentialAction":[{"@type":"ReadAction","target":["https:\/\/www.peterfasching.com\/wordpress\/was-kunden-sagen\/"]}]},{"@type":"BreadcrumbList","@id":"https:\/\/www.peterfasching.com\/wordpress\/was-kunden-sagen\/#breadcrumb","itemListElement":[{"@type":"ListItem","position":1,"name":"Startseite","item":"https:\/\/www.peterfasching.com\/wordpress\/"},{"@type":"ListItem","position":2,"name":"Was Kunden sagen"}]},{"@type":"WebSite","@id":"https:\/\/www.peterfasching.com\/wordpress\/#website","url":"https:\/\/www.peterfasching.com\/wordpress\/","name":"Peter Fasching Photography","description":"More than photography. We create memories.","publisher":{"@id":"https:\/\/www.peterfasching.com\/wordpress\/#organization"},"potentialAction":[{"@type":"SearchAction","target":{"@type":"EntryPoint","urlTemplate":"https:\/\/www.peterfasching.com\/wordpress\/?s={search_term_string}"},"query-input":{"@type":"PropertyValueSpecification","valueRequired":true,"valueName":"search_term_string"}}],"inLanguage":"de"},{"@type":"Organization","@id":"https:\/\/www.peterfasching.com\/wordpress\/#organization","name":"Peter Fasching Photography","url":"https:\/\/www.peterfasching.com\/wordpress\/","logo":{"@type":"ImageObject","inLanguage":"de","@id":"https:\/\/www.peterfasching.com\/wordpress\/#\/schema\/logo\/image\/","url":"https:\/\/www.peterfasching.com\/wordpress\/wp-content\/uploads\/2017\/06\/logo-mit-gesicht-Kopie-Kopie.png","contentUrl":"https:\/\/www.peterfasching.com\/wordpress\/wp-content\/uploads\/2017\/06\/logo-mit-gesicht-Kopie-Kopie.png","width":367,"height":367,"caption":"Peter Fasching Photography"},"image":{"@id":"https:\/\/www.peterfasching.com\/wordpress\/#\/schema\/logo\/image\/"},"sameAs":["https:\/\/www.facebook.com\/peterfaschingphotography\/","https:\/\/x.com\/Peter_Fasching","https:\/\/www.instagram.com\/peter.fasching_photography\/","https:\/\/www.youtube.com\/channel\/UCNoJYd82Kvlk7T1ivttbXrA"]}]}},"_links":{"self":[{"href":"https:\/\/www.peterfasching.com\/wordpress\/wp-json\/wp\/v2\/pages\/2238","targetHints":{"allow":["GET"]}}],"collection":[{"href":"https:\/\/www.peterfasching.com\/wordpress\/wp-json\/wp\/v2\/pages"}],"about":[{"href":"https:\/\/www.peterfasching.com\/wordpress\/wp-json\/wp\/v2\/types\/page"}],"author":[{"embeddable":true,"href":"https:\/\/www.peterfasching.com\/wordpress\/wp-json\/wp\/v2\/users\/1"}],"replies":[{"embeddable":true,"href":"https:\/\/www.peterfasching.com\/wordpress\/wp-json\/wp\/v2\/comments?post=2238"}],"version-history":[{"count":0,"href":"https:\/\/www.peterfasching.com\/wordpress\/wp-json\/wp\/v2\/pages\/2238\/revisions"}],"wp:attachment":[{"href":"https:\/\/www.peterfasching.com\/wordpress\/wp-json\/wp\/v2\/media?parent=2238"}],"curies":[{"name":"wp","href":"https:\/\/api.w.org\/{rel}","templated":true}]}}